{"id":323,"date":"2024-12-16T15:24:06","date_gmt":"2024-12-16T15:24:06","guid":{"rendered":"https:\/\/wp-lp.bertrand-kaernel.fr\/?page_id=323"},"modified":"2025-04-15T09:49:15","modified_gmt":"2025-04-15T07:49:15","slug":"venir-au-lycee","status":"publish","type":"page","link":"https:\/\/wp.bertrand-kaernel.fr\/skol-lp\/venir-au-lycee\/","title":{"rendered":"Venir au lyc\u00e9e"},"content":{"rendered":"<p>Dans cette partie indiquer les diff\u00e9rentes mani\u00e8res pour venir au lyc\u00e9e.<\/p>\n<ul>\n<li><strong>Venir en train, tramway<\/strong><\/li>\n<li><strong>Venir en bus<\/strong><\/li>\n<li><strong>venir en voiture<\/strong><\/li>\n<\/ul>\n<p>Pour la carte, RDV dans la section Site Options Coordonn\u00e9es.<br \/>\nCopier-coller simplement le code (IFRAME- html) trouv\u00e9 sur <a href=\"https:\/\/www.openstreetmap.org\/\" target=\"_blank\" rel=\"noopener\">Openstreemap<\/a> et c&rsquo;est tout !<\/p>\n","protected":false},"excerpt":{"rendered":"<p>Dans cette partie indiquer les diff\u00e9rentes mani\u00e8res pour venir au lyc\u00e9e. Venir en train, tramway Venir en bus venir en voiture Pour la carte, RDV dans la section Site Options Coordonn\u00e9es. Copier-coller simplement le code (IFRAME- html) trouv\u00e9 sur Openstreemap et c&rsquo;est tout !<\/p>\n","protected":false},"author":1,"featured_media":0,"parent":0,"menu_order":0,"comment_status":"closed","ping_status":"closed","template":"page-templates\/page-venir-au-lycee.php","meta":{"footnotes":""},"class_list":["post-323","page","type-page","status-publish","hentry"],"_links":{"self":[{"href":"https:\/\/wp.bertrand-kaernel.fr\/skol-lp\/wp-json\/wp\/v2\/pages\/323","targetHints":{"allow":["GET"]}}],"collection":[{"href":"https:\/\/wp.bertrand-kaernel.fr\/skol-lp\/wp-json\/wp\/v2\/pages"}],"about":[{"href":"https:\/\/wp.bertrand-kaernel.fr\/skol-lp\/wp-json\/wp\/v2\/types\/page"}],"author":[{"embeddable":true,"href":"https:\/\/wp.bertrand-kaernel.fr\/skol-lp\/wp-json\/wp\/v2\/users\/1"}],"replies":[{"embeddable":true,"href":"https:\/\/wp.bertrand-kaernel.fr\/skol-lp\/wp-json\/wp\/v2\/comments?post=323"}],"version-history":[{"count":1,"href":"https:\/\/wp.bertrand-kaernel.fr\/skol-lp\/wp-json\/wp\/v2\/pages\/323\/revisions"}],"predecessor-version":[{"id":389,"href":"https:\/\/wp.bertrand-kaernel.fr\/skol-lp\/wp-json\/wp\/v2\/pages\/323\/revisions\/389"}],"wp:attachment":[{"href":"https:\/\/wp.bertrand-kaernel.fr\/skol-lp\/wp-json\/wp\/v2\/media?parent=323"}],"curies":[{"name":"wp","href":"https:\/\/api.w.org\/{rel}","templated":true}]}}