{"id":193,"date":"2024-03-26T14:57:46","date_gmt":"2024-03-26T14:57:46","guid":{"rendered":"https:\/\/wp-lp.bertrand-kaernel.fr\/?page_id=168"},"modified":"2025-09-24T13:13:58","modified_gmt":"2025-09-24T11:13:58","slug":"entreprises-et-partenaires","status":"publish","type":"page","link":"https:\/\/wp.bertrand-kaernel.fr\/skol-lp\/entreprises-et-partenaires\/","title":{"rendered":"Entreprises et partenaires"},"content":{"rendered":"<h2>La taxe d\u2019apprentissage\u00a0?<\/h2>\n<p>C\u2019est la contribution, vers\u00e9e chaque ann\u00e9e par les entreprises qui vise \u00e0 favoriser l\u2019\u00e9gal acc\u00e8s \u00e0 l\u2019apprentissage et \u00e0\u00a0<strong>contribuer au financement d\u2019actions de d\u00e9veloppement de l\u2019apprentissage<\/strong>. La\u00a0taxe d\u2019apprentissage\u00a0comporte deux parties\u202f\u00a0:<\/p>\n<ul role=\"list\">\n<li><strong>La part principale<\/strong>\u00a0qui vise \u00e0 financer l\u2019apprentissage\u00a0;<\/li>\n<li><strong>Le solde<\/strong>\u00a0qui permet d\u2019aider financi\u00e8rement les \u00e9tablissements \u00e0 d\u00e9velopper les comp\u00e9tences de demain et soutenir l\u2019insertion professionnelle.<\/li>\n<\/ul>\n<p>Le solde s\u2019\u00e9l\u00e8ve \u00e0 13% du montant total de cette taxe, soit 0,09% de la masse salariale assujettie.<\/p>\n<p><strong>Les employeurs peuvent s\u2019acquitter du solde de la taxe d\u2019apprentissage<\/strong>\u00a0de deux mani\u00e8res\u00a0:<\/p>\n<ul role=\"list\">\n<li><strong>Soit en finan\u00e7ant le d\u00e9veloppement des formations<\/strong>\u00a0initiales technologiques et professionnelles et l\u2019insertion professionnelle aupr\u00e8s d\u2019\u00e9tablissements habilit\u00e9s\u00a0;<\/li>\n<li>Soit par le versement de subventions sous la forme d\u2019<strong>\u00e9quipements<\/strong>\u00a0ou de\u00a0<strong>mat\u00e9riels<\/strong>\u00a0aux centres de formation d\u2019apprentis.<\/li>\n<\/ul>\n<p>Jusqu\u2019\u00e0 cette ann\u00e9e, le solde \u00e9tait directement vers\u00e9 des employeurs assujettis aux \u00e9tablissements b\u00e9n\u00e9ficiaires (\u00e9tablissements habilit\u00e9s ou centres de formation d\u2019apprentis).<\/p>\n<p>L\u2019ordonnance n\u00b0\u00a02021-797 du 23 juin 2021 induit un changement des modalit\u00e9s de versement du solde de la taxe d\u2019apprentissage en ce qui concerne uniquement les modalit\u00e9s de versement aux<strong>\u00a0\u00e9tablissements habilit\u00e9s<\/strong>. D\u00e9sormais, avec la plateforme pour la r\u00e9partition du solde de la taxe d\u2019apprentissage (SOLT\u00e9A), le principe d\u2019une libre affectation de leur solde par les employeurs est maintenu mais les employeurs et les \u00e9tablissements devront obligatoirement se connecter \u00e0 la plateforme. En s\u00e9curisant le reversement du solde de la taxe d\u2019apprentissage, SOLT\u00e9A assure la bonne relation entre les \u00e9tablissements et les entreprises.<\/p>\n<p><strong>Attention, les versements aux centres de formation d\u2019apprentis de subventions d\u2019\u00e9quipement ou de mat\u00e9riel doivent toujours s\u2019effectuer directement sans passer par la plateforme SOLT\u00e9A.<\/strong><\/p>\n<h2>Quelles sont les nouvelles modalit\u00e9s de versement du solde de la taxe d\u2019apprentissage\u00a0?<\/h2>\n<p>Le solde de la taxe d\u2019apprentissage vers\u00e9 par les employeurs, d\u00e9duit des subventions effectu\u00e9es aux centres de formation d\u2019apprentis, est d\u00e9sormais collect\u00e9 par l\u2019URSSAF et la Mutualit\u00e9 Sociale Agricole les 5 ou 15 mai de chaque ann\u00e9e. Les organismes collecteurs le transf\u00e8rent ensuite \u00e0 la\u00a0Caisse des D\u00e9p\u00f4ts et Consignations. La r\u00e9partition se concr\u00e9tisera en ligne gr\u00e2ce \u00e0 SOLT\u00e9A, la plateforme d\u00e9velopp\u00e9e et g\u00e9r\u00e9e par la Caisse des D\u00e9p\u00f4ts.<\/p>\n<p><strong>Pour plus d\u2019informations vous pouvez consulter\u00a0:<\/strong><\/p>\n<ul role=\"list\">\n<li>Les modalit\u00e9s de versement du solde de la taxe d\u2019apprentissage sur le site de l\u2019URSAFF<\/li>\n<li>Les modalit\u00e9s de versement du solde de la taxe d\u2019apprentissage sur le site de la\u00a0MSA<\/li>\n<\/ul>\n","protected":false},"excerpt":{"rendered":"<p>La taxe d\u2019apprentissage\u00a0? C\u2019est la contribution, vers\u00e9e chaque ann\u00e9e par les entreprises qui vise \u00e0 favoriser l\u2019\u00e9gal acc\u00e8s \u00e0 l\u2019apprentissage et \u00e0\u00a0contribuer au financement d\u2019actions de d\u00e9veloppement de l\u2019apprentissage. La\u00a0taxe d\u2019apprentissage\u00a0comporte deux parties\u202f\u00a0: La part principale\u00a0qui vise \u00e0 financer l\u2019apprentissage\u00a0; Le solde\u00a0qui permet d\u2019aider financi\u00e8rement les \u00e9tablissements \u00e0 d\u00e9velopper les comp\u00e9tences de demain et soutenir [&hellip;]<\/p>\n","protected":false},"author":1,"featured_media":79,"parent":0,"menu_order":0,"comment_status":"closed","ping_status":"closed","template":"","meta":{"footnotes":""},"class_list":["post-193","page","type-page","status-publish","has-post-thumbnail","hentry"],"_links":{"self":[{"href":"https:\/\/wp.bertrand-kaernel.fr\/skol-lp\/wp-json\/wp\/v2\/pages\/193","targetHints":{"allow":["GET"]}}],"collection":[{"href":"https:\/\/wp.bertrand-kaernel.fr\/skol-lp\/wp-json\/wp\/v2\/pages"}],"about":[{"href":"https:\/\/wp.bertrand-kaernel.fr\/skol-lp\/wp-json\/wp\/v2\/types\/page"}],"author":[{"embeddable":true,"href":"https:\/\/wp.bertrand-kaernel.fr\/skol-lp\/wp-json\/wp\/v2\/users\/1"}],"replies":[{"embeddable":true,"href":"https:\/\/wp.bertrand-kaernel.fr\/skol-lp\/wp-json\/wp\/v2\/comments?post=193"}],"version-history":[{"count":1,"href":"https:\/\/wp.bertrand-kaernel.fr\/skol-lp\/wp-json\/wp\/v2\/pages\/193\/revisions"}],"predecessor-version":[{"id":384,"href":"https:\/\/wp.bertrand-kaernel.fr\/skol-lp\/wp-json\/wp\/v2\/pages\/193\/revisions\/384"}],"wp:featuredmedia":[{"embeddable":true,"href":"https:\/\/wp.bertrand-kaernel.fr\/skol-lp\/wp-json\/wp\/v2\/media\/79"}],"wp:attachment":[{"href":"https:\/\/wp.bertrand-kaernel.fr\/skol-lp\/wp-json\/wp\/v2\/media?parent=193"}],"curies":[{"name":"wp","href":"https:\/\/api.w.org\/{rel}","templated":true}]}}