{"id":192,"date":"2024-03-26T14:31:08","date_gmt":"2024-03-26T14:31:08","guid":{"rendered":"https:\/\/wp-lp.bertrand-kaernel.fr\/?page_id=165"},"modified":"2024-03-26T14:31:08","modified_gmt":"2024-03-26T14:31:08","slug":"la-maison-des-lyceens","status":"publish","type":"page","link":"https:\/\/wp.bertrand-kaernel.fr\/skol-lp\/vie-du-lycee\/la-maison-des-lyceens\/","title":{"rendered":"La Maison des Lyc\u00e9ens"},"content":{"rendered":"<p>La Maison des Lyc\u00e9ens, association loi 1901 a pour objet de f\u00e9d\u00e9rer des initiatives port\u00e9es par les lyc\u00e9ens de l\u2019\u00e9tablissement au service de l\u2019int\u00e9r\u00eat collectif, notamment dans les domaines culturels, artistiques, sportifs et humanitaires.<\/p>\n<h2>Lieu de vie<\/h2>\n<p>La Maison des Lyc\u00e9ens est un lieu convivial o\u00f9 \u00e9l\u00e8ves et adultes peuvent se retrouver : baby-foot, activit\u00e9s artistiques et musicales.Les \u00e9l\u00e8ves peuvent organiser des activit\u00e9s : Club de danse, de musique, tournoi de jeux,\u2026<\/p>\n<p>Par ailleurs, ils apprennent \u00e0 mener \u00e0 bien des projets dans le respect des principes g\u00e9n\u00e9raux du service public.Pour les internes, des activit\u00e9s sont mises en place sur le cr\u00e9neau 18h15-19h15, des soir\u00e9es \u00e0 th\u00e8me sont organis\u00e9es.<\/p>\n<h2>Caf\u00e9 associatif<\/h2>\n<p>Les \u00e9l\u00e8ves participent \u00e0 la gestion administrative et logistique du caf\u00e9 associatif afin d\u2019en faire un lieu d\u2019apprentissage, d\u2019\u00e9changes et de convivialit\u00e9.Les b\u00e9n\u00e9fices des ventes sont directement revers\u00e9s \u00e0 la Maison des Lyc\u00e9ens (achat de mat\u00e9riel, sorties etc.). qui fonctionne avec un budget ind\u00e9pendant de celui du lyc\u00e9e.<\/p>\n","protected":false},"excerpt":{"rendered":"<p>La Maison des Lyc\u00e9ens, association loi 1901 a pour objet de f\u00e9d\u00e9rer des initiatives port\u00e9es par les lyc\u00e9ens de l\u2019\u00e9tablissement au service de l\u2019int\u00e9r\u00eat collectif, notamment dans les domaines culturels, artistiques, sportifs et humanitaires. Lieu de vie La Maison des Lyc\u00e9ens est un lieu convivial o\u00f9 \u00e9l\u00e8ves et adultes peuvent se retrouver : baby-foot, activit\u00e9s [&hellip;]<\/p>\n","protected":false},"author":1,"featured_media":146,"parent":41,"menu_order":0,"comment_status":"closed","ping_status":"closed","template":"","meta":{"footnotes":""},"class_list":["post-192","page","type-page","status-publish","has-post-thumbnail","hentry"],"_links":{"self":[{"href":"https:\/\/wp.bertrand-kaernel.fr\/skol-lp\/wp-json\/wp\/v2\/pages\/192","targetHints":{"allow":["GET"]}}],"collection":[{"href":"https:\/\/wp.bertrand-kaernel.fr\/skol-lp\/wp-json\/wp\/v2\/pages"}],"about":[{"href":"https:\/\/wp.bertrand-kaernel.fr\/skol-lp\/wp-json\/wp\/v2\/types\/page"}],"author":[{"embeddable":true,"href":"https:\/\/wp.bertrand-kaernel.fr\/skol-lp\/wp-json\/wp\/v2\/users\/1"}],"replies":[{"embeddable":true,"href":"https:\/\/wp.bertrand-kaernel.fr\/skol-lp\/wp-json\/wp\/v2\/comments?post=192"}],"version-history":[{"count":0,"href":"https:\/\/wp.bertrand-kaernel.fr\/skol-lp\/wp-json\/wp\/v2\/pages\/192\/revisions"}],"up":[{"embeddable":true,"href":"https:\/\/wp.bertrand-kaernel.fr\/skol-lp\/wp-json\/wp\/v2\/pages\/41"}],"wp:featuredmedia":[{"embeddable":true,"href":"https:\/\/wp.bertrand-kaernel.fr\/skol-lp\/wp-json\/wp\/v2\/media\/146"}],"wp:attachment":[{"href":"https:\/\/wp.bertrand-kaernel.fr\/skol-lp\/wp-json\/wp\/v2\/media?parent=192"}],"curies":[{"name":"wp","href":"https:\/\/api.w.org\/{rel}","templated":true}]}}