{"id":184,"date":"2024-02-22T14:22:17","date_gmt":"2024-02-22T14:22:17","guid":{"rendered":"https:\/\/wp-lp.bertrand-kaernel.fr\/?page_id=19"},"modified":"2025-04-15T09:05:43","modified_gmt":"2025-04-15T07:05:43","slug":"contact","status":"publish","type":"page","link":"https:\/\/wp.bertrand-kaernel.fr\/skol-lp\/contact\/","title":{"rendered":"Contact"},"content":{"rendered":"<p>Dans cette page, vous pouvez d\u00e9signer plusieurs destinataires. L&rsquo;avantage c&rsquo;est que les mails des destinataires ne sont pas publi\u00e9s et expos\u00e9s au spam.<\/p>\n<p>Dans cette page un syst\u00e9me permet aussi d&rsquo;\u00e9viter les robots spams.<\/p>\n<p>Aucun plugin n&rsquo;est utilis\u00e9. Tous est fait en php ce qui permet un meilleur contr\u00f4le de la fonction.<\/p>\n","protected":false},"excerpt":{"rendered":"<p>Dans cette page, vous pouvez d\u00e9signer plusieurs destinataires. L&rsquo;avantage c&rsquo;est que les mails des destinataires ne sont pas publi\u00e9s et expos\u00e9s au spam. Dans cette page un syst\u00e9me permet aussi d&rsquo;\u00e9viter les robots spams. Aucun plugin n&rsquo;est utilis\u00e9. Tous est fait en php ce qui permet un meilleur contr\u00f4le de la fonction.<\/p>\n","protected":false},"author":1,"featured_media":353,"parent":0,"menu_order":0,"comment_status":"closed","ping_status":"closed","template":"page-templates\/page-contact.php","meta":{"footnotes":""},"class_list":["post-184","page","type-page","status-publish","has-post-thumbnail","hentry"],"_links":{"self":[{"href":"https:\/\/wp.bertrand-kaernel.fr\/skol-lp\/wp-json\/wp\/v2\/pages\/184","targetHints":{"allow":["GET"]}}],"collection":[{"href":"https:\/\/wp.bertrand-kaernel.fr\/skol-lp\/wp-json\/wp\/v2\/pages"}],"about":[{"href":"https:\/\/wp.bertrand-kaernel.fr\/skol-lp\/wp-json\/wp\/v2\/types\/page"}],"author":[{"embeddable":true,"href":"https:\/\/wp.bertrand-kaernel.fr\/skol-lp\/wp-json\/wp\/v2\/users\/1"}],"replies":[{"embeddable":true,"href":"https:\/\/wp.bertrand-kaernel.fr\/skol-lp\/wp-json\/wp\/v2\/comments?post=184"}],"version-history":[{"count":1,"href":"https:\/\/wp.bertrand-kaernel.fr\/skol-lp\/wp-json\/wp\/v2\/pages\/184\/revisions"}],"predecessor-version":[{"id":388,"href":"https:\/\/wp.bertrand-kaernel.fr\/skol-lp\/wp-json\/wp\/v2\/pages\/184\/revisions\/388"}],"wp:featuredmedia":[{"embeddable":true,"href":"https:\/\/wp.bertrand-kaernel.fr\/skol-lp\/wp-json\/wp\/v2\/media\/353"}],"wp:attachment":[{"href":"https:\/\/wp.bertrand-kaernel.fr\/skol-lp\/wp-json\/wp\/v2\/media?parent=184"}],"curies":[{"name":"wp","href":"https:\/\/api.w.org\/{rel}","templated":true}]}}