{"id":583,"date":"2025-01-25T13:26:16","date_gmt":"2025-01-25T13:26:16","guid":{"rendered":"https:\/\/wp-lgt.bertrand-kaernel.fr\/?page_id=583"},"modified":"2025-01-25T13:26:16","modified_gmt":"2025-01-25T13:26:16","slug":"sorienter","status":"publish","type":"page","link":"https:\/\/wp.bertrand-kaernel.fr\/skol-lgt\/sorienter\/","title":{"rendered":"S&rsquo;orienter"},"content":{"rendered":"<p><strong>Psychologues de l&rsquo;Education nationale : <\/strong>Mme BOUTET LAHAIE\u00a0 \/\u00a0 Mme DIODONNAT<\/p>\n<h3>RDV au lyc\u00e9e (voir \u00e0 la vie scolaire et au CDI)<\/h3>\n<ul>\n<li>Les lundis apr\u00e8s-midi et un lundi matin sur deux, et les mercredis matins (Mme BOUTET LAHAIE)<\/li>\n<li>Les mardis toute la journ\u00e9e et les vendredis matin (Mme DIODONNAT)<\/li>\n<\/ul>\n<div class=\"shortcode-encadre \" ><\/p>\n<p>Mme BOUTET LAHAIE et Mme DIODONNAT peuvent aussi vous recevoir sur RDV au:<\/p>\n<p><strong>C.I.O. de Talence <\/strong>11 Avenue Pierre Mendes France<br \/>\n33700 M\u00e9rignac- Tram A \u00e0 200m<\/p>\n<p>Un Lundi sur deux (Mme DIODONNAT) \/ Les Mercredis apr\u00e8s-midi (Mme BOUTET LAHAIE)<\/p>\n<p>Les RDV sont \u00e0 prendre au 05 56 80 40 57<\/p>\n<p><\/div>\n<p><strong>Contact :<\/strong><\/p>\n<ul>\n<li><a href=\"mailto:corinne.lahaie@ac-bordeaux.fr\">corinne.lahaie@ac-bordeaux.fr<\/a><\/li>\n<li><a href=\"mailto:marie.diodonnat@ac-bordeaux.fr\">marie.diodonnat@ac-bordeaux.fr<\/a><\/li>\n<\/ul>\n","protected":false},"excerpt":{"rendered":"<p>Psychologues de l&rsquo;Education nationale : Mme BOUTET LAHAIE\u00a0 \/\u00a0 Mme DIODONNAT RDV au lyc\u00e9e (voir \u00e0 la vie scolaire et au CDI) Les lundis apr\u00e8s-midi et un lundi matin sur deux, et les mercredis matins (Mme BOUTET LAHAIE) Les mardis toute la journ\u00e9e et les vendredis matin (Mme DIODONNAT) Contact : corinne.lahaie@ac-bordeaux.fr marie.diodonnat@ac-bordeaux.fr<\/p>\n","protected":false},"author":1,"featured_media":480,"parent":0,"menu_order":0,"comment_status":"closed","ping_status":"closed","template":"","meta":{"footnotes":""},"class_list":["post-583","page","type-page","status-publish","has-post-thumbnail","hentry"],"_links":{"self":[{"href":"https:\/\/wp.bertrand-kaernel.fr\/skol-lgt\/wp-json\/wp\/v2\/pages\/583","targetHints":{"allow":["GET"]}}],"collection":[{"href":"https:\/\/wp.bertrand-kaernel.fr\/skol-lgt\/wp-json\/wp\/v2\/pages"}],"about":[{"href":"https:\/\/wp.bertrand-kaernel.fr\/skol-lgt\/wp-json\/wp\/v2\/types\/page"}],"author":[{"embeddable":true,"href":"https:\/\/wp.bertrand-kaernel.fr\/skol-lgt\/wp-json\/wp\/v2\/users\/1"}],"replies":[{"embeddable":true,"href":"https:\/\/wp.bertrand-kaernel.fr\/skol-lgt\/wp-json\/wp\/v2\/comments?post=583"}],"version-history":[{"count":0,"href":"https:\/\/wp.bertrand-kaernel.fr\/skol-lgt\/wp-json\/wp\/v2\/pages\/583\/revisions"}],"wp:featuredmedia":[{"embeddable":true,"href":"https:\/\/wp.bertrand-kaernel.fr\/skol-lgt\/wp-json\/wp\/v2\/media\/480"}],"wp:attachment":[{"href":"https:\/\/wp.bertrand-kaernel.fr\/skol-lgt\/wp-json\/wp\/v2\/media?parent=583"}],"curies":[{"name":"wp","href":"https:\/\/api.w.org\/{rel}","templated":true}]}}