{"id":517,"date":"2025-01-25T07:54:37","date_gmt":"2025-01-25T07:54:37","guid":{"rendered":"https:\/\/wp-lgt.bertrand-kaernel.fr\/?page_id=517"},"modified":"2025-04-11T13:15:51","modified_gmt":"2025-04-11T11:15:51","slug":"association-sportive","status":"publish","type":"page","link":"https:\/\/wp.bertrand-kaernel.fr\/skol-lgt\/vivre-au-lycee\/association-sportive\/","title":{"rendered":"Association Sportive"},"content":{"rendered":"<p>L&rsquo;<strong>Association Sportive du Lorem Ipsum<\/strong> propose \u00e0 tous les \u00e9l\u00e8ves la possibilit\u00e9 de pratiquer une activit\u00e9 sportive en dehors des heures de cours.<\/p>\n<p>Des entra\u00eenements, encadr\u00e9s par les professeurs d&rsquo;EPS, ont lieu toutes les semaines, selon le planning ci-dessous\u00a0:<\/p>\n<ul>\n<li><strong>Musculation <\/strong>: lundi de 17h35 \u00e0 18h50 &#8211; mercredi de 13h \u00e0 15h<\/li>\n<li><strong>Danse <\/strong>: mercredi de 12h45 \u00e0 14h30 (salle de danse au gymnase)<\/li>\n<li><strong>Basket <\/strong>: mercredi de 12h15 \u00e0 13h45 (gymnase)<\/li>\n<li><strong>Badminton <\/strong>: mercredi de 13h45 \u00e0 15h30 (gymnase)<\/li>\n<li><strong>Volley <\/strong>: mercredi de 13h45 \u00e0 15h30 (gymnase)<\/li>\n<\/ul>\n<p>Les \u00e9l\u00e8ves peuvent aussi s&rsquo;inscrire pour participer exclusivement aux comp\u00e9titions (Athl\u00e9tisme \/ Rugby&#8230;) ou pour progresser dans les activit\u00e9s programm\u00e9es pour le\u00a0baccalaur\u00e9at.<\/p>\n","protected":false},"excerpt":{"rendered":"<p>L&rsquo;Association Sportive du Lorem Ipsum propose \u00e0 tous les \u00e9l\u00e8ves la possibilit\u00e9 de pratiquer une activit\u00e9 sportive en dehors des heures de cours. Des entra\u00eenements, encadr\u00e9s par les professeurs d&rsquo;EPS, ont lieu toutes les semaines, selon le planning ci-dessous\u00a0: Musculation : lundi de 17h35 \u00e0 18h50 &#8211; mercredi de 13h \u00e0 15h Danse : mercredi [&hellip;]<\/p>\n","protected":false},"author":1,"featured_media":103,"parent":41,"menu_order":0,"comment_status":"closed","ping_status":"closed","template":"","meta":{"footnotes":""},"class_list":["post-517","page","type-page","status-publish","has-post-thumbnail","hentry"],"_links":{"self":[{"href":"https:\/\/wp.bertrand-kaernel.fr\/skol-lgt\/wp-json\/wp\/v2\/pages\/517","targetHints":{"allow":["GET"]}}],"collection":[{"href":"https:\/\/wp.bertrand-kaernel.fr\/skol-lgt\/wp-json\/wp\/v2\/pages"}],"about":[{"href":"https:\/\/wp.bertrand-kaernel.fr\/skol-lgt\/wp-json\/wp\/v2\/types\/page"}],"author":[{"embeddable":true,"href":"https:\/\/wp.bertrand-kaernel.fr\/skol-lgt\/wp-json\/wp\/v2\/users\/1"}],"replies":[{"embeddable":true,"href":"https:\/\/wp.bertrand-kaernel.fr\/skol-lgt\/wp-json\/wp\/v2\/comments?post=517"}],"version-history":[{"count":2,"href":"https:\/\/wp.bertrand-kaernel.fr\/skol-lgt\/wp-json\/wp\/v2\/pages\/517\/revisions"}],"predecessor-version":[{"id":900,"href":"https:\/\/wp.bertrand-kaernel.fr\/skol-lgt\/wp-json\/wp\/v2\/pages\/517\/revisions\/900"}],"up":[{"embeddable":true,"href":"https:\/\/wp.bertrand-kaernel.fr\/skol-lgt\/wp-json\/wp\/v2\/pages\/41"}],"wp:featuredmedia":[{"embeddable":true,"href":"https:\/\/wp.bertrand-kaernel.fr\/skol-lgt\/wp-json\/wp\/v2\/media\/103"}],"wp:attachment":[{"href":"https:\/\/wp.bertrand-kaernel.fr\/skol-lgt\/wp-json\/wp\/v2\/media?parent=517"}],"curies":[{"name":"wp","href":"https:\/\/api.w.org\/{rel}","templated":true}]}}