{"id":510,"date":"2025-01-25T07:12:42","date_gmt":"2025-01-25T07:12:42","guid":{"rendered":"https:\/\/wp-lgt.bertrand-kaernel.fr\/?page_id=510"},"modified":"2025-01-25T07:12:42","modified_gmt":"2025-01-25T07:12:42","slug":"cesce-comite-deducation-a-la-sante-a-la-citoyennete-et-a-lenvironnement","status":"publish","type":"page","link":"https:\/\/wp.bertrand-kaernel.fr\/skol-lgt\/vivre-au-lycee\/cesce-comite-deducation-a-la-sante-a-la-citoyennete-et-a-lenvironnement\/","title":{"rendered":"CESCE &#8211; Comit\u00e9 d&rsquo;\u00e9ducation \u00e0 la sant\u00e9, \u00e0 la citoyennet\u00e9 et \u00e0 l&rsquo;environnement"},"content":{"rendered":"<h2>Le CESCE : sa composition, ses missions<\/h2>\n<p>Le comit\u00e9 d&rsquo;\u00e9ducation \u00e0 la sant\u00e9 et \u00e0 la citoyennet\u00e9 et \u00e0 l&rsquo;environnement (CESCE) s&rsquo;inscrit dans le pilotage de chaque \u00e9tablissement scolaire du second degr\u00e9, conform\u00e9ment aux dispositions des articles R 421-46 et 421-47 du Code l&rsquo;\u00e9ducation. Il est une instance de r\u00e9flexion, d&rsquo;observation et de proposition qui con\u00e7oit, met en \u0153uvre et \u00e9value un projet \u00e9ducatif en mati\u00e8re d&rsquo;\u00e9ducation \u00e0 la citoyennet\u00e9 et \u00e0 la sant\u00e9 et de pr\u00e9vention de la violence, int\u00e9gr\u00e9 au projet d&rsquo;\u00e9tablissement. Le CESCE organise le partenariat en fonction des probl\u00e9matiques \u00e9ducatives \u00e0 traiter.<\/p>\n<p>Protection du milieu scolaire &#8211; Comit\u00e9 d&rsquo;\u00e9ducation \u00e0 la sant\u00e9 et \u00e0 la citoyennet\u00e9 et \u00e0 l&rsquo;environnement (CESCE) (Circulaire n\u00b02006-197du 30 novembre 2006)<\/p>\n<h2>Missions<\/h2>\n<ul>\n<li>contribuer \u00e0 l&rsquo;\u00e9ducation \u00e0 la citoyennet\u00e9,<\/li>\n<li>pr\u00e9parer le plan de pr\u00e9vention de la violence,<\/li>\n<li>proposer des actions pour aider les parents en difficult\u00e9s et lutter contre l&rsquo;exclusion,<\/li>\n<li>d\u00e9finir un programme d&rsquo;\u00e9ducation \u00e0 la sant\u00e9 et \u00e0 la sexualit\u00e9 et de pr\u00e9vention des conduites addictives.<\/li>\n<li>arr\u00eater le programme d&rsquo;\u00e9ducation au d\u00e9veloppement durable E3D<\/li>\n<\/ul>\n<h2>Composition<\/h2>\n<ul>\n<li>personnels d&rsquo;\u00e9ducation, sociaux et de sant\u00e9 de l&rsquo;\u00e9tablissement,<\/li>\n<li>repr\u00e9sentants des personnels enseignants,<\/li>\n<li>repr\u00e9sentants des parents,<\/li>\n<li>repr\u00e9sentants des \u00e9l\u00e8ves,<\/li>\n<li>repr\u00e9sentants de la commune et de la collectivit\u00e9 de rattachement.<\/li>\n<\/ul>\n<p>Repr\u00e9sentants des personnels enseignants, des parents et des \u00e9l\u00e8ves sont d\u00e9sign\u00e9s par le chef d&rsquo;\u00e9tablissement sur proposition des membres du conseil d&rsquo;administration appartenant \u00e0 leurs cat\u00e9gories respectives.<\/p>\n<h2>Partenaires<\/h2>\n<p>Le CESCE peut associer \u00e0 ses travaux les partenaires comp\u00e9tents susceptibles de contribuer utilement \u00e0 la politique \u00e9ducative et de pr\u00e9vention de l&rsquo;\u00e9tablissement.<\/p>\n<p>Pr\u00e9sidence<\/p>\n<p>Le CESCE est pr\u00e9sid\u00e9 par le chef d&rsquo;\u00e9tablissement.<\/p>\n","protected":false},"excerpt":{"rendered":"<p>Le CESCE : sa composition, ses missions Le comit\u00e9 d&rsquo;\u00e9ducation \u00e0 la sant\u00e9 et \u00e0 la citoyennet\u00e9 et \u00e0 l&rsquo;environnement (CESCE) s&rsquo;inscrit dans le pilotage de chaque \u00e9tablissement scolaire du second degr\u00e9, conform\u00e9ment aux dispositions des articles R 421-46 et 421-47 du Code l&rsquo;\u00e9ducation. Il est une instance de r\u00e9flexion, d&rsquo;observation et de proposition qui [&hellip;]<\/p>\n","protected":false},"author":1,"featured_media":483,"parent":41,"menu_order":0,"comment_status":"closed","ping_status":"closed","template":"","meta":{"footnotes":""},"class_list":["post-510","page","type-page","status-publish","has-post-thumbnail","hentry"],"_links":{"self":[{"href":"https:\/\/wp.bertrand-kaernel.fr\/skol-lgt\/wp-json\/wp\/v2\/pages\/510","targetHints":{"allow":["GET"]}}],"collection":[{"href":"https:\/\/wp.bertrand-kaernel.fr\/skol-lgt\/wp-json\/wp\/v2\/pages"}],"about":[{"href":"https:\/\/wp.bertrand-kaernel.fr\/skol-lgt\/wp-json\/wp\/v2\/types\/page"}],"author":[{"embeddable":true,"href":"https:\/\/wp.bertrand-kaernel.fr\/skol-lgt\/wp-json\/wp\/v2\/users\/1"}],"replies":[{"embeddable":true,"href":"https:\/\/wp.bertrand-kaernel.fr\/skol-lgt\/wp-json\/wp\/v2\/comments?post=510"}],"version-history":[{"count":0,"href":"https:\/\/wp.bertrand-kaernel.fr\/skol-lgt\/wp-json\/wp\/v2\/pages\/510\/revisions"}],"up":[{"embeddable":true,"href":"https:\/\/wp.bertrand-kaernel.fr\/skol-lgt\/wp-json\/wp\/v2\/pages\/41"}],"wp:featuredmedia":[{"embeddable":true,"href":"https:\/\/wp.bertrand-kaernel.fr\/skol-lgt\/wp-json\/wp\/v2\/media\/483"}],"wp:attachment":[{"href":"https:\/\/wp.bertrand-kaernel.fr\/skol-lgt\/wp-json\/wp\/v2\/media?parent=510"}],"curies":[{"name":"wp","href":"https:\/\/api.w.org\/{rel}","templated":true}]}}