{"id":143,"date":"2024-02-26T07:32:30","date_gmt":"2024-02-26T07:32:30","guid":{"rendered":"https:\/\/wp-lp.bertrand-kaernel.fr\/?page_id=143"},"modified":"2025-04-26T12:39:15","modified_gmt":"2025-04-26T10:39:15","slug":"mentions-legales","status":"publish","type":"page","link":"https:\/\/wp.bertrand-kaernel.fr\/skol-lgt\/mentions-legales\/","title":{"rendered":"Mentions l\u00e9gales"},"content":{"rendered":"<h2>1 &#8211; \u00c9dition du site<\/h2>\n<p>En vertu de l\u2019article 6 de la loi n\u00b0 2004-575 du 21 juin 2004 pour la confiance dans l\u2019\u00e9conomie num\u00e9rique, il est pr\u00e9cis\u00e9 aux utilisateurs du site internet Skol-lgt l\u2019identit\u00e9 des diff\u00e9rents intervenants dans le cadre de sa r\u00e9alisation et de son suivi:<\/p>\n<ul>\n<li>Propri\u00e9taire du site : Bertrand Kaernel<\/li>\n<li>Identification de l\u2019entit\u00e9 : Skol-lgt<\/li>\n<li>Directeur de la publication : Bertrand Kaernel, Proviseur Gestion<\/li>\n<li>Domaine : Skol-lgt<\/li>\n<li>H\u00e9bergeur : Skol-lgt<\/li>\n<li>D\u00e9l\u00e9gu\u00e9 \u00e0 la protection des donn\u00e9es : Bertrand Kaernel<\/li>\n<li>Webmaster : Bertrand Kaernel<\/li>\n<li>Cr\u00e9ation : Bertrand Kaernel<\/li>\n<li>Cr\u00e9dit photos : Libre de droits<\/li>\n<\/ul>\n<h2>2 \u2013 Propri\u00e9t\u00e9 intellectuelle et contrefa\u00e7ons<\/h2>\n<p>Le Lyc\u00e9e <a href=\"https:\/\/wp.bertrand-kaernel.fr\/skol-lgt\">Skol-lgt<\/a> est propri\u00e9taire des droits de propri\u00e9t\u00e9 intellectuelle et d\u00e9tient les droits d\u2019usage sur tous les \u00e9l\u00e9ments accessibles sur le site internet, notamment les textes, images, graphismes, logos, vid\u00e9os, architecture, ic\u00f4nes et sons.La reproduction de tout ou partie de ce site sur un support quel qu\u2019il soit, est formellement interdite sauf autorisation expresse du responsable du site Internet. La reproduction des textes sur un support papier est autoris\u00e9e sous r\u00e9serve du respect des trois conditions suivantes :<\/p>\n<ul>\n<li>Gratuit\u00e9 de la diffusion<\/li>\n<li>Respect de l\u2019int\u00e9grit\u00e9 des documents reproduits (pas de modification ni alt\u00e9ration)<\/li>\n<li>Citation claire et lisible de la source sous la forme suivante : \u00ab Document issu du site Internet Skol-lgt \u00bb.<\/li>\n<\/ul>\n<p>Les droits de reproduction sont r\u00e9serv\u00e9s et strictement limit\u00e9s \u00bb. Pour toute autre utilisation, veuillez consulter Le Lyc\u00e9e <a href=\"https:\/\/wp.bertrand-kaernel.fr\/skol-lgt\">Skol-lgt<\/a>.<\/p>\n<p>Toute exploitation non autoris\u00e9e du site ou de l\u2019un quelconque des \u00e9l\u00e9ments qu\u2019il contient sera consid\u00e9r\u00e9e comme constitutive d\u2019une contrefa\u00e7on et poursuivie conform\u00e9ment aux dispositions des articles L.335-2 et suivants du Code de Propri\u00e9t\u00e9 Intellectuelle.<\/p>\n<h2>3 \u2013 Limitations de responsabilit\u00e9<\/h2>\n<p>Le Lyc\u00e9e Skol-lgt ne pourra \u00eatre tenu pour responsable des dommages directs et indirects caus\u00e9s au mat\u00e9riel de l\u2019utilisateur, lors de l\u2019acc\u00e8s au site <a href=\"https:\/\/wp.bertrand-kaernel.fr\/skol-lgt\">Skol-lgt<\/a>.<\/p>\n<p>Le Lyc\u00e9e Skol-lgt d\u00e9cline toute responsabilit\u00e9 quant \u00e0 l\u2019utilisation qui pourrait \u00eatre faite des informations et contenus pr\u00e9sents sur <a href=\"http:\/\/skol-lgt\">Skol-lgt<\/a>.<\/p>\n<p>Le Lyc\u00e9e Skol-lgt s\u2019engage \u00e0 s\u00e9curiser au mieux le site <a href=\"https:\/\/wp.bertrand-kaernel.fr\/skol-lgt\/\">Skol-lgt<\/a>, cependant sa responsabilit\u00e9 ne pourra \u00eatre mise en cause si des donn\u00e9es ind\u00e9sirables sont import\u00e9es et install\u00e9es sur son site \u00e0 son insu.Des espaces interactifs (espace contact ou commentaires) sont \u00e0 la disposition des utilisateurs.<\/p>\n<p>Le Lyc\u00e9e Skol-lgt se r\u00e9serve le droit de supprimer, sans mise en demeure pr\u00e9alable, tout contenu d\u00e9pos\u00e9 dans cet espace qui contreviendrait \u00e0 la l\u00e9gislation applicable en France, en particulier aux dispositions relatives \u00e0 la protection des donn\u00e9es.<\/p>\n<p>Le cas \u00e9ch\u00e9ant, Le Lyc\u00e9e Skol-lgt se r\u00e9serve \u00e9galement la possibilit\u00e9 de mettre en cause la responsabilit\u00e9 civile et\/ou p\u00e9nale de l\u2019utilisateur, notamment en cas de message \u00e0 caract\u00e8re raciste, injurieux, diffamant, ou pornographique, quel que soit le support utilis\u00e9 (texte, photographie \u2026).<\/p>\n<p>Concernant les informations relatives \u00e0 l\u2019envoi de courriers \u00e9lectroniques nous vous informons que :<\/p>\n<ul>\n<li>Le secret des correspondances transmises par le r\u00e9seau Internet n\u2019est pas garanti.<\/li>\n<li>Les courriers \u00e9lectroniques sont conserv\u00e9s sur support informatique le temps pour Le Lyc\u00e9e <a href=\"https:\/\/wp.bertrand-kaernel.fr\/skol-lgt\">Skol-lgt<\/a> de fournir une r\u00e9ponse.<\/li>\n<\/ul>\n<h2>4 \u2013 CNIL et gestion des donn\u00e9es personnelles<\/h2>\n<p>Conform\u00e9ment aux dispositions de la loi 78-17 du 6 janvier 1978 modifi\u00e9e, l\u2019utilisateur du site <a href=\"https:\/\/wp.bertrand-kaernel.fr\/skol-lgt\">Skol-lgt<\/a> dispose d\u2019un droit d\u2019acc\u00e8s, de modification et de suppression des informations collect\u00e9es.<\/p>\n<p>Pour exercer ce droit,envoyez un message \u00e0 notre D\u00e9l\u00e9gu\u00e9 \u00e0 la Protection des Donn\u00e9es : xxxxx<\/p>\n<p>Pour plus d\u2019informations sur la fa\u00e7on dont nous traitons vos donn\u00e9es (type de donn\u00e9es, finalit\u00e9, destinataire\u2026), lisez notre Politique de Confidentialit\u00e9.<\/p>\n<p>Il est \u00e9galement possible de d\u00e9poser une r\u00e9clamation aupr\u00e8s de la CNIL.<\/p>\n<h2>5 \u2013 Liens hypertextes &amp; cookies<\/h2>\n<p>Le site Skol-lgt contient des liens hypertextes vers d\u2019autres sites et d\u00e9gage toute responsabilit\u00e9 \u00e0 propos de ces liens externes ou des liens cr\u00e9\u00e9s par d\u2019autres sites vers Skol-lgt. La navigation sur le site Skol-lgt est susceptible de provoquer l\u2019installation de cookie(s) sur l\u2019ordinateur de l\u2019utilisateur.<\/p>\n<p>Un \u00ab cookie \u00bb est un fichier de petite taille qui enregistre des informations relatives \u00e0 la navigation d\u2019un utilisateur sur un site. Les donn\u00e9es ainsi obtenues permettent d\u2019obtenir des mesures de fr\u00e9quentation, par exemple.<\/p>\n<p>Vous avez la possibilit\u00e9 d\u2019accepter ou de refuser les cookies en modifiant les param\u00e8tres de votre navigateur.<\/p>\n<p>Aucun cookie ne sera d\u00e9pos\u00e9 sans votre consentement.<\/p>\n<p>Les cookies sont enregistr\u00e9s pour une dur\u00e9e maximale de 6 mois.Pour plus d\u2019informations sur la fa\u00e7on dont nous faisons usage des cookies, lisez notre Politique de Confidentialit\u00e9.<\/p>\n<h2>6 \u2013 Droit applicable et attribution de juridiction<\/h2>\n<p>Tout litige en relation avec l\u2019utilisation du site Skol-lgt est soumis au droit fran\u00e7ais. En dehors des cas o\u00f9 la loi ne le permet pas, il est fait attribution exclusive de juridiction aux tribunaux comp\u00e9tents de P\u00e9rigueux.<\/p>\n","protected":false},"excerpt":{"rendered":"<p>1 &#8211; \u00c9dition du site En vertu de l\u2019article 6 de la loi n\u00b0 2004-575 du 21 juin 2004 pour la confiance dans l\u2019\u00e9conomie num\u00e9rique, il est pr\u00e9cis\u00e9 aux utilisateurs du site internet Skol-lgt l\u2019identit\u00e9 des diff\u00e9rents intervenants dans le cadre de sa r\u00e9alisation et de son suivi: Propri\u00e9taire du site : Bertrand Kaernel Identification [&hellip;]<\/p>\n","protected":false},"author":1,"featured_media":91,"parent":0,"menu_order":0,"comment_status":"closed","ping_status":"closed","template":"","meta":{"footnotes":""},"class_list":["post-143","page","type-page","status-publish","has-post-thumbnail","hentry"],"_links":{"self":[{"href":"https:\/\/wp.bertrand-kaernel.fr\/skol-lgt\/wp-json\/wp\/v2\/pages\/143","targetHints":{"allow":["GET"]}}],"collection":[{"href":"https:\/\/wp.bertrand-kaernel.fr\/skol-lgt\/wp-json\/wp\/v2\/pages"}],"about":[{"href":"https:\/\/wp.bertrand-kaernel.fr\/skol-lgt\/wp-json\/wp\/v2\/types\/page"}],"author":[{"embeddable":true,"href":"https:\/\/wp.bertrand-kaernel.fr\/skol-lgt\/wp-json\/wp\/v2\/users\/1"}],"replies":[{"embeddable":true,"href":"https:\/\/wp.bertrand-kaernel.fr\/skol-lgt\/wp-json\/wp\/v2\/comments?post=143"}],"version-history":[{"count":5,"href":"https:\/\/wp.bertrand-kaernel.fr\/skol-lgt\/wp-json\/wp\/v2\/pages\/143\/revisions"}],"predecessor-version":[{"id":917,"href":"https:\/\/wp.bertrand-kaernel.fr\/skol-lgt\/wp-json\/wp\/v2\/pages\/143\/revisions\/917"}],"wp:featuredmedia":[{"embeddable":true,"href":"https:\/\/wp.bertrand-kaernel.fr\/skol-lgt\/wp-json\/wp\/v2\/media\/91"}],"wp:attachment":[{"href":"https:\/\/wp.bertrand-kaernel.fr\/skol-lgt\/wp-json\/wp\/v2\/media?parent=143"}],"curies":[{"name":"wp","href":"https:\/\/api.w.org\/{rel}","templated":true}]}}