{"id":91,"date":"2023-11-08T06:27:29","date_gmt":"2023-11-08T06:27:29","guid":{"rendered":"https:\/\/bdpnl.fr\/?page_id=91"},"modified":"2023-11-08T06:27:29","modified_gmt":"2023-11-08T06:27:29","slug":"mentions-legales","status":"publish","type":"page","link":"https:\/\/wp.bertrand-kaernel.fr\/rest\/mentions-legales\/","title":{"rendered":"Mentions l\u00e9gales"},"content":{"rendered":"<h2>Identification de l&rsquo;\u00e9diteur du site<\/h2>\n<p>Soci\u00e9t\u00e9 : WP Restau<br \/>\nAdresse postale : 9 Rue Louise Michel 24000 P\u00e9rigueux<br \/>\nT\u00e9l\u00e9phone : +33 2 33 44 55 66<br \/>\nAdresse \u00e9lectronique (Courriel) : wp-restaurant@bk.fr<\/p>\n<p>Directeur de la publication : Bertrand Kaernel<br \/>\nResponsable l\u00e9gal : Bertrand Kaernel<\/p>\n<h2>R\u00e9alisation du site &amp; H\u00e9bergement<\/h2>\n<p>Soci\u00e9t\u00e9 : BK<br \/>\nAdresse postale : wp-restaurant@bk.fr<br \/>\nT\u00e9l\u00e9phone : +33 2 33 44 55 66<\/p>\n<p>En choisissant d&rsquo;acc\u00e9der au site, l&rsquo;utilisateur accepte, express\u00e9ment et irr\u00e9vocablement, les termes ci-apr\u00e8s.<\/p>\n<h2>Avertissement<\/h2>\n<p>L&rsquo;acc\u00e8s et l&rsquo;utilisation du site wp-restau.bertrand-kaernel.fr sont soumis aux pr\u00e9sentes conditions d&rsquo;acc\u00e8s et d&rsquo;utilisation, qui vous engagent, et que vous \u00eates tenus de respecter.<br \/>\nEn cons\u00e9quence, nous vous recommandons de lire attentivement ce qui suit. WP Restau revendique sa qualit\u00e9 d&rsquo;entreprise responsable.<\/p>\n<p>Nous vous rappelons, \u00e0 ce titre, que l&rsquo;abus d&rsquo;alcool est dangereux pour la sant\u00e9. L&rsquo;alcool doit \u00eatre consomm\u00e9 avec mod\u00e9ration.<\/p>\n<p>L&rsquo;acc\u00e8s et l&rsquo;utilisation du site wp-restau.bertrand-kaernel.fr par des personnes situ\u00e9es en France, sont strictement r\u00e9serv\u00e9s aux personnes majeures.<\/p>\n<p>Toute contravention \u00e0 ce qui pr\u00e9c\u00e8de, et notamment, toute indication erron\u00e9e ou falsifi\u00e9e concernant l&rsquo;\u00e2ge de l&rsquo;utilisateur du site wp-restau.bertrand-kaernel.fr ne saurait engager la responsabilit\u00e9 de la soci\u00e9t\u00e9 WP Restau.<\/p>\n<p>L&rsquo;acc\u00e8s et l&rsquo;utilisation du site wp-restau.bertrand-kaernel.fr dans les autres pays et territoires o\u00f9 la consommation d&rsquo;alcool est autoris\u00e9e, sont strictement r\u00e9serv\u00e9s aux personnes l\u00e9galement autoris\u00e9es \u00e0 consommer des boissons alcoolis\u00e9es.<\/p>\n<p>En cons\u00e9quence, les personnes situ\u00e9es dans un pays ou territoire o\u00f9 l&rsquo;utilisation du site wp-restau.bertrand-kaernel.fr n&rsquo;est pas autoris\u00e9e par les lois et r\u00e8glements en vigueur, ou les personnes n&rsquo;ayant pas l&rsquo;\u00e2ge requis pour acc\u00e9der \u00e0 ce site sont pri\u00e9es de quitter imm\u00e9diatement le site wp-restau.bertrand-kaernel.fr.<\/p>\n<h2>Droits d&rsquo;auteur \u2013 Copyright<\/h2>\n<p>L&rsquo;ensemble de ce site rel\u00e8ve de la l\u00e9gislation fran\u00e7aise et internationale sur le droit d&rsquo;auteur et la propri\u00e9t\u00e9 intellectuelle.<\/p>\n<p>Les photographies, textes, slogans, dessins, images, s\u00e9quences anim\u00e9es sonores ou non ainsi que toutes \u0153uvres int\u00e9gr\u00e9es dans le site sont la propri\u00e9t\u00e9 de la soci\u00e9t\u00e9 WP Restau ou de tiers ayant autoris\u00e9 WP Restau \u00e0 les utiliser.<\/p>\n<p>Les logos, ic\u00f4nes et puces graphiques repr\u00e9sent\u00e9s sur le site sont prot\u00e9g\u00e9s au titre des droits d&rsquo;auteur et des articles L.511.1 et suivants du Code de la propri\u00e9t\u00e9 intellectuelle relatifs \u00e0 la protection des mod\u00e8les d\u00e9pos\u00e9s.<\/p>\n<p>Tous les droits de reproduction sont r\u00e9serv\u00e9s et strictement limit\u00e9s, y compris pour les documents t\u00e9l\u00e9chargeables et les repr\u00e9sentations iconographiques et photographiques.<br \/>\nLes marques cit\u00e9es sur ce site sont d\u00e9pos\u00e9es par les soci\u00e9t\u00e9s qui en sont propri\u00e9taires.<\/p>\n<p>Toute utilisation non autoris\u00e9e de tout ou partie de ces droits par des tiers est susceptible de donner lieu \u00e0 des poursuites judiciaires.<\/p>\n<h2>Contenu du site<\/h2>\n<p>WP Restau d\u00e9cline toute responsabilit\u00e9 en cas de retard de mise \u00e0 jour, de m\u00eame qu&rsquo;en cas d&rsquo;interruption ou d&rsquo;indisponibilit\u00e9 temporaire du service.<\/p>\n<p>WP Restau se r\u00e9serve le droit de corriger, \u00e0 tout moment et sans pr\u00e9avis, le contenu de ce site.<\/p>\n<p>Les reproductions, sur un support papier ou informatique, dudit site et des \u0153uvres qui y sont reproduites sont autoris\u00e9es sous r\u00e9serve qu&rsquo;elles soient strictement r\u00e9serv\u00e9es \u00e0 un usage personnel et priv\u00e9.<\/p>\n<p>Cela exclut tout usage \u00e0 des fins publicitaires et\/ou commerciales, et\/ou d&rsquo;information et\/ou qu&rsquo;elles soient conformes aux dispositions de l&rsquo;article L.122-5 du Code de la propri\u00e9t\u00e9 intellectuelle.<\/p>\n<p>Toute reproduction, repr\u00e9sentation, utilisation ou modification, par quelque proc\u00e9d\u00e9 que ce soit et sur quelque support que ce soit, de tout ou partie du site, de tout ou partie des diff\u00e9rentes \u0153uvres qui le composent, sans avoir obtenu l&rsquo;autorisation pr\u00e9alable du directeur de la publication est strictement interdite, constitue un d\u00e9lit de contrefa\u00e7on et peut donner suite \u00e0 des poursuites judiciaires civiles et\/ou p\u00e9nales, ainsi qu&rsquo;au paiement de dommages et int\u00e9r\u00eats.<\/p>\n<h2>Acc\u00e8s au site<\/h2>\n<p>L&rsquo;utilisateur du site wp-restau.bertrand-kaernel.fr reconnait disposer de la comp\u00e9tence et des moyens n\u00e9cessaires pour acc\u00e9der et utiliser ce site.<\/p>\n<p>WP Restau ne saurait \u00eatre tenu responsable des \u00e9l\u00e9ments et \u00e9v\u00e8nements en dehors de son contr\u00f4le li\u00e9s \u00e0 l&rsquo;utilisation du site et de leurs effets ou des incompatibilit\u00e9s mat\u00e9rielles et\/ou logicielles et des dommages qui pourraient \u00e9ventuellement en r\u00e9sulter pour l&rsquo;environnement technique de l&rsquo;utilisateur, notamment pour ses ordinateurs, logiciels, \u00e9quipements r\u00e9seaux et tout autre mat\u00e9riel utilis\u00e9 pour acc\u00e9der ou utiliser le service et\/ou les informations.<\/p>\n<p>Il est rappel\u00e9 que le fait d&rsquo;acc\u00e9der ou de se maintenir frauduleusement dans un syst\u00e8me informatique, d&rsquo;entraver ou de fausser le fonctionnement, d&rsquo;introduire ou de modifier frauduleusement des donn\u00e9es d&rsquo;un tel syst\u00e8me constitue un d\u00e9lit passible de sanctions p\u00e9nales.<\/p>\n<h2>Liens Hypertextes<\/h2>\n<p>Le site wp-restau.bertrand-kaernel.fr autorise la mise en place d&rsquo;un lien hypertexte portant vers son contenu, sous r\u00e9serve :<\/p>\n<ul>\n<li>d&rsquo;autorisation du directeur de la publication du site;<\/li>\n<li>de ne pas utiliser la technique du lien profond (\u00ab deep linking \u00bb), c&rsquo;est-\u00e0-dire que les pages du site wp-restau.bertrand-kaernel.fr ne doivent pas \u00eatre imbriqu\u00e9es \u00e0 l&rsquo;int\u00e9rieur des pages d&rsquo;un autre site, mais accessibles par l&rsquo;ouverture d&rsquo;une fen\u00eatre d\u00e9di\u00e9e;<\/li>\n<li>de mentionner la source qui pointera gr\u00e2ce \u00e0 un lien hypertexte directement sur le contenu vis\u00e9.<\/li>\n<\/ul>\n<p>Toute utilisation \u00e0 des fins commerciales ou publicitaires est exclue \u00e0 l&rsquo;exception des dispositions pr\u00e9vues.<\/p>\n<p>Cette autorisation ne s&rsquo;applique pas aux sites Internet diffusant des informations \u00e0 caract\u00e8re pol\u00e9mique, pornographique, x\u00e9nophobe ou pouvant, dans une large mesure, porter atteinte \u00e0 la sensibilit\u00e9 du plus grand nombre.<\/p>\n<p>WP Restau d\u00e9cline toute responsabilit\u00e9 quant au contenu des sites propos\u00e9s en liens, quel que soit le type de lien \u00e9tabli \u00e0 partir, ou vers wp-restau.bertrand-kaernel.fr.<\/p>\n<p>WP Restau se r\u00e9serve le droit de s&rsquo;opposer \u00e0 son \u00e9tablissement.<\/p>\n<h2>Protection des donn\u00e9es personnelles<\/h2>\n<p>Toutes les donn\u00e9es collect\u00e9es sur ce site, par quelque moyen que ce soit, sont \u00e0 l&rsquo;usage r\u00e9serv\u00e9 de la soci\u00e9t\u00e9 WP Restau.<\/p>\n<p>Conform\u00e9ment \u00e0 l&rsquo;article 34 de la loi 78-17 Informatique et Libert\u00e9s du 6 janvier 1978 modifi\u00e9e et le R\u00e8glement G\u00e9n\u00e9ral sur la Protection des Donn\u00e9es (R\u00e8glement UE 2016\/679) ou \u00ab RGPD \u00bb, vous disposez d&rsquo;un droit d&rsquo;acc\u00e8s, de modification, de rectification et de suppression des donn\u00e9es vous concernant.<\/p>\n<p>Pour exercer ce droit, contactez-nous par e-mail \u00e0 : wp-restau@bk.fr<\/p>\n<h2>Formulaire<\/h2>\n<p>Les informations recueillies sur ce site par l&rsquo;interm\u00e9diaire des formulaires font l&rsquo;objet d&rsquo;un traitement informatique destin\u00e9 \u00e0 l&rsquo;\u00e9laboration d&rsquo;une proposition commerciale.<\/p>\n<p>Le destinataire des donn\u00e9es est : WP Restau.<\/p>\n<p>Conform\u00e9ment \u00e0 la loi Informatique et Libert\u00e9s du 6 janvier 1978, vous b\u00e9n\u00e9ficiez d&rsquo;un droit d&rsquo;acc\u00e8s et de rectification aux informations qui vous concernent.<br \/>\nSi vous souhaitez exercer ce droit et obtenir communication des informations vous concernant, contactez-nous \u00e0 l&rsquo;adresse ci-dessus.<\/p>\n<h2>Paiement s\u00e9curis\u00e9<\/h2>\n<p>Pour vos transactions financi\u00e8res, le site wp-restau.bertrand-kaernel.fr utilise une solution de paiement externe.<\/p>\n<p>Avec ce syst\u00e8me, votre paiement par carte de cr\u00e9dit s&rsquo;effectue directement sur le serveur s\u00e9curis\u00e9 de la banque en ligne.<\/p>\n<p>\u00c0 aucun moment, votre num\u00e9ro de carte de cr\u00e9dit ne sera communiqu\u00e9 \u00e0 la soci\u00e9t\u00e9 WP Restau.<\/p>\n<h2>R\u00e9servation en ligne<\/h2>\n<p>Les conditions g\u00e9n\u00e9rales de vente et d&rsquo;annulation li\u00e9es \u00e0 la r\u00e9servation en ligne ou demande de r\u00e9servation sont indiqu\u00e9es pr\u00e9cis\u00e9ment dans les formulaires concern\u00e9s.<\/p>\n<p>Vous pouvez demander une copie des conditions g\u00e9n\u00e9rales de vente \u00e0 l&rsquo;adresse ci-dessus.<\/p>\n<p>Les solutions de r\u00e9servation en ligne imposent de cocher la case \u00ab acceptation des conditions g\u00e9n\u00e9rales de vente \u00bb avant tout achat.<\/p>\n<p>Les taxes de s\u00e9jour, s&rsquo;il y en a, seront pr\u00e9cis\u00e9es sur la facture de l&rsquo;\u00e9tablissement.<\/p>\n<p>Elles ne sont pas comprises dans les montants indiqu\u00e9s lors de la r\u00e9servation.<\/p>\n<p>La fixation de ces taxes est ind\u00e9pendante de la volont\u00e9 de la soci\u00e9t\u00e9 WP Restau.<\/p>\n<h2>Copyrights<\/h2>\n<p>Tous droits r\u00e9serv\u00e9s \u00a9 BK.<br \/>\nTous droits de reproduction et de diffusion r\u00e9serv\u00e9s \u00a9 BK.<\/p>\n","protected":false},"excerpt":{"rendered":"<p>Identification de l&rsquo;\u00e9diteur du site Soci\u00e9t\u00e9 : WP Restau Adresse postale : 9 Rue Louise Michel 24000 P\u00e9rigueux T\u00e9l\u00e9phone : +33 2 33 44 55 66 Adresse \u00e9lectronique (Courriel) : wp-restaurant@bk.fr Directeur de la publication : Bertrand Kaernel Responsable l\u00e9gal : Bertrand Kaernel R\u00e9alisation du site &amp; H\u00e9bergement Soci\u00e9t\u00e9 : BK Adresse postale : wp-restaurant@bk.fr [&hellip;]<\/p>\n","protected":false},"author":1,"featured_media":0,"parent":0,"menu_order":0,"comment_status":"closed","ping_status":"closed","template":"","meta":{"footnotes":""},"class_list":["post-91","page","type-page","status-publish","hentry"],"_links":{"self":[{"href":"https:\/\/wp.bertrand-kaernel.fr\/rest\/wp-json\/wp\/v2\/pages\/91","targetHints":{"allow":["GET"]}}],"collection":[{"href":"https:\/\/wp.bertrand-kaernel.fr\/rest\/wp-json\/wp\/v2\/pages"}],"about":[{"href":"https:\/\/wp.bertrand-kaernel.fr\/rest\/wp-json\/wp\/v2\/types\/page"}],"author":[{"embeddable":true,"href":"https:\/\/wp.bertrand-kaernel.fr\/rest\/wp-json\/wp\/v2\/users\/1"}],"replies":[{"embeddable":true,"href":"https:\/\/wp.bertrand-kaernel.fr\/rest\/wp-json\/wp\/v2\/comments?post=91"}],"version-history":[{"count":0,"href":"https:\/\/wp.bertrand-kaernel.fr\/rest\/wp-json\/wp\/v2\/pages\/91\/revisions"}],"wp:attachment":[{"href":"https:\/\/wp.bertrand-kaernel.fr\/rest\/wp-json\/wp\/v2\/media?parent=91"}],"curies":[{"name":"wp","href":"https:\/\/api.w.org\/{rel}","templated":true}]}}