{"id":357,"date":"2024-01-25T14:35:19","date_gmt":"2024-01-25T14:35:19","guid":{"rendered":"https:\/\/restau.bdpnl.fr\/index.php\/reservations-2\/"},"modified":"2024-01-25T14:35:19","modified_gmt":"2024-01-25T14:35:19","slug":"reservations","status":"publish","type":"page","link":"https:\/\/wp.bertrand-kaernel.fr\/rest\/reservations\/","title":{"rendered":"R\u00e9servations"},"content":{"rendered":"<p>Ici quelques explications sur les modalit\u00e9s de r\u00e9servation. Ici quelques explications sur les modalit\u00e9s de r\u00e9servation. Ici quelques explications sur les modalit\u00e9s de r\u00e9servation. Ici quelques explications sur les modalit\u00e9s de r\u00e9servation.auctor augue mauris augue neque gravida in fermentum.<\/p>\n","protected":false},"excerpt":{"rendered":"<p>Ici quelques explications sur les modalit\u00e9s de r\u00e9servation. Ici quelques explications sur les modalit\u00e9s de r\u00e9servation. Ici quelques explications sur les modalit\u00e9s de r\u00e9servation. Ici quelques explications sur les modalit\u00e9s de r\u00e9servation.auctor augue mauris augue neque gravida in fermentum.<\/p>\n","protected":false},"author":1,"featured_media":682,"parent":0,"menu_order":0,"comment_status":"closed","ping_status":"closed","template":"","meta":{"footnotes":""},"class_list":["post-357","page","type-page","status-publish","has-post-thumbnail","hentry"],"_links":{"self":[{"href":"https:\/\/wp.bertrand-kaernel.fr\/rest\/wp-json\/wp\/v2\/pages\/357","targetHints":{"allow":["GET"]}}],"collection":[{"href":"https:\/\/wp.bertrand-kaernel.fr\/rest\/wp-json\/wp\/v2\/pages"}],"about":[{"href":"https:\/\/wp.bertrand-kaernel.fr\/rest\/wp-json\/wp\/v2\/types\/page"}],"author":[{"embeddable":true,"href":"https:\/\/wp.bertrand-kaernel.fr\/rest\/wp-json\/wp\/v2\/users\/1"}],"replies":[{"embeddable":true,"href":"https:\/\/wp.bertrand-kaernel.fr\/rest\/wp-json\/wp\/v2\/comments?post=357"}],"version-history":[{"count":0,"href":"https:\/\/wp.bertrand-kaernel.fr\/rest\/wp-json\/wp\/v2\/pages\/357\/revisions"}],"wp:featuredmedia":[{"embeddable":true,"href":"https:\/\/wp.bertrand-kaernel.fr\/rest\/wp-json\/wp\/v2\/media\/682"}],"wp:attachment":[{"href":"https:\/\/wp.bertrand-kaernel.fr\/rest\/wp-json\/wp\/v2\/media?parent=357"}],"curies":[{"name":"wp","href":"https:\/\/api.w.org\/{rel}","templated":true}]}}