{"id":7,"date":"2025-04-01T18:11:20","date_gmt":"2025-04-01T16:11:20","guid":{"rendered":"https:\/\/wp.bdpnl.fr\/0525\/?page_id=7"},"modified":"2025-07-16T11:26:12","modified_gmt":"2025-07-16T09:26:12","slug":"accueil","status":"publish","type":"page","link":"https:\/\/wp.bertrand-kaernel.fr\/machin-bidule\/","title":{"rendered":"Accueil"},"content":{"rendered":"<p><strong>Bienvenue sur MachinBidule ! <\/strong>Vous trouverez ici des conseils, <a href=\"https:\/\/wp.bdpnl.fr\/machin-bidule\/category\/actualites\/\">des actualit\u00e9s<\/a> fraiches, <a href=\"https:\/\/wp.bdpnl.fr\/machin-bidule\/date_category\/agenda\/\">les dates<\/a> de nos \u00e9v\u00e9nements et tous un tas d&rsquo;infos bien utiles. N&rsquo;h\u00e9sitez pas \u00e0 nous contacter si vous avez une question ou simplement envie de nous saluer.<\/p>\n","protected":false},"excerpt":{"rendered":"<p>Bienvenue sur MachinBidule ! Vous trouverez ici des conseils, des actualit\u00e9s fraiches, les dates de nos \u00e9v\u00e9nements et tous un tas d&rsquo;infos bien utiles. N&rsquo;h\u00e9sitez pas \u00e0 nous contacter si vous avez une question ou simplement envie de nous saluer.<\/p>\n","protected":false},"author":1,"featured_media":0,"parent":0,"menu_order":0,"comment_status":"closed","ping_status":"closed","template":"page-templates\/page-accueil.php","meta":{"footnotes":""},"class_list":["post-7","page","type-page","status-publish","hentry"],"_links":{"self":[{"href":"https:\/\/wp.bertrand-kaernel.fr\/machin-bidule\/wp-json\/wp\/v2\/pages\/7","targetHints":{"allow":["GET"]}}],"collection":[{"href":"https:\/\/wp.bertrand-kaernel.fr\/machin-bidule\/wp-json\/wp\/v2\/pages"}],"about":[{"href":"https:\/\/wp.bertrand-kaernel.fr\/machin-bidule\/wp-json\/wp\/v2\/types\/page"}],"author":[{"embeddable":true,"href":"https:\/\/wp.bertrand-kaernel.fr\/machin-bidule\/wp-json\/wp\/v2\/users\/1"}],"replies":[{"embeddable":true,"href":"https:\/\/wp.bertrand-kaernel.fr\/machin-bidule\/wp-json\/wp\/v2\/comments?post=7"}],"version-history":[{"count":6,"href":"https:\/\/wp.bertrand-kaernel.fr\/machin-bidule\/wp-json\/wp\/v2\/pages\/7\/revisions"}],"predecessor-version":[{"id":150,"href":"https:\/\/wp.bertrand-kaernel.fr\/machin-bidule\/wp-json\/wp\/v2\/pages\/7\/revisions\/150"}],"wp:attachment":[{"href":"https:\/\/wp.bertrand-kaernel.fr\/machin-bidule\/wp-json\/wp\/v2\/media?parent=7"}],"curies":[{"name":"wp","href":"https:\/\/api.w.org\/{rel}","templated":true}]}}